{"id":398,"date":"2022-09-22T21:15:26","date_gmt":"2022-09-22T21:15:26","guid":{"rendered":"http:\/\/isq-ingenieria.com\/?page_id=398"},"modified":"2022-09-23T16:48:09","modified_gmt":"2022-09-23T16:48:09","slug":"enginyeria-basica","status":"publish","type":"page","link":"https:\/\/isq-ingenieria.com\/ca\/enginyeria-basica\/","title":{"rendered":"Enginyeria b\u00e0sica"},"content":{"rendered":"\t\t<div data-elementor-type=\"wp-page\" data-elementor-id=\"398\" class=\"elementor elementor-398 elementor-138\">\n\t\t\t\t\t\t\t\t\t<section class=\"elementor-section elementor-top-section elementor-element elementor-element-884fd6c elementor-section-boxed elementor-section-height-default elementor-section-height-default\" data-id=\"884fd6c\" data-element_type=\"section\" data-settings=\"{&quot;background_background&quot;:&quot;classic&quot;}\">\n\t\t\t\t\t\t<div class=\"elementor-container elementor-column-gap-default\">\n\t\t\t\t\t<div class=\"elementor-column elementor-col-100 elementor-top-column elementor-element elementor-element-8d741ef\" data-id=\"8d741ef\" data-element_type=\"column\">\n\t\t\t<div class=\"elementor-widget-wrap elementor-element-populated\">\n\t\t\t\t\t\t\t\t<div class=\"elementor-element elementor-element-0b62c81 elementor-widget elementor-widget-heading\" data-id=\"0b62c81\" data-element_type=\"widget\" data-widget_type=\"heading.default\">\n\t\t\t\t<div class=\"elementor-widget-container\">\n\t\t\t<style>\/*! elementor - v3.7.7 - 20-09-2022 *\/\n.elementor-heading-title{padding:0;margin:0;line-height:1}.elementor-widget-heading .elementor-heading-title[class*=elementor-size-]>a{color:inherit;font-size:inherit;line-height:inherit}.elementor-widget-heading .elementor-heading-title.elementor-size-small{font-size:15px}.elementor-widget-heading .elementor-heading-title.elementor-size-medium{font-size:19px}.elementor-widget-heading .elementor-heading-title.elementor-size-large{font-size:29px}.elementor-widget-heading .elementor-heading-title.elementor-size-xl{font-size:39px}.elementor-widget-heading .elementor-heading-title.elementor-size-xxl{font-size:59px}<\/style><h2 class=\"elementor-heading-title elementor-size-default\">Enginyeria b\u00e0sica\n<\/h2>\t\t<\/div>\n\t\t\t\t<\/div>\n\t\t\t\t<div class=\"elementor-element elementor-element-3ad1757 elementor-widget elementor-widget-text-editor\" data-id=\"3ad1757\" data-element_type=\"widget\" data-widget_type=\"text-editor.default\">\n\t\t\t\t<div class=\"elementor-widget-container\">\n\t\t\t<style>\/*! elementor - v3.7.7 - 20-09-2022 *\/\n.elementor-widget-text-editor.elementor-drop-cap-view-stacked .elementor-drop-cap{background-color:#818a91;color:#fff}.elementor-widget-text-editor.elementor-drop-cap-view-framed .elementor-drop-cap{color:#818a91;border:3px solid;background-color:transparent}.elementor-widget-text-editor:not(.elementor-drop-cap-view-default) .elementor-drop-cap{margin-top:8px}.elementor-widget-text-editor:not(.elementor-drop-cap-view-default) .elementor-drop-cap-letter{width:1em;height:1em}.elementor-widget-text-editor .elementor-drop-cap{float:left;text-align:center;line-height:1;font-size:50px}.elementor-widget-text-editor .elementor-drop-cap-letter{display:inline-block}<\/style>\t\t\t\t<p>Concebuda a partir de l\u2019Enginyeria de Proc\u00e9s, l\u2019execuci\u00f3 de la nostra ENGINYERIA B\u00c0SICA<br \/>permet desenvolupar posteriorment una Enginyeria de Detall amb \u00e8xit.<br \/>Fonamentalment es realitzen tots aquells treballs que defineixen aquesta fase,<br \/>adaptats a cada projecte concret.<\/p>\t\t\t\t\t\t<\/div>\n\t\t\t\t<\/div>\n\t\t\t\t\t<\/div>\n\t\t<\/div>\n\t\t\t\t\t\t\t<\/div>\n\t\t<\/section>\n\t\t\t\t<section class=\"elementor-section elementor-top-section elementor-element elementor-element-1c1b65c elementor-section-full_width elementor-section-height-default elementor-section-height-default\" data-id=\"1c1b65c\" data-element_type=\"section\">\n\t\t\t\t\t\t<div class=\"elementor-container elementor-column-gap-default\">\n\t\t\t\t\t<div class=\"elementor-column elementor-col-100 elementor-top-column elementor-element elementor-element-97bf03c\" data-id=\"97bf03c\" data-element_type=\"column\">\n\t\t\t<div class=\"elementor-widget-wrap elementor-element-populated\">\n\t\t\t\t\t\t\t\t<div class=\"elementor-element elementor-element-efaddec elementor-widget elementor-widget-image\" data-id=\"efaddec\" data-element_type=\"widget\" data-widget_type=\"image.default\">\n\t\t\t\t<div class=\"elementor-widget-container\">\n\t\t\t<style>\/*! elementor - v3.7.7 - 20-09-2022 *\/\n.elementor-widget-image{text-align:center}.elementor-widget-image a{display:inline-block}.elementor-widget-image a img[src$=\".svg\"]{width:48px}.elementor-widget-image img{vertical-align:middle;display:inline-block}<\/style>\t\t\t\t\t\t\t\t\t\t\t\t<img width=\"1600\" height=\"500\" src=\"https:\/\/isq-ingenieria.com\/wp-content\/uploads\/2022\/09\/isq-home-slider-2-1.jpg\" class=\"attachment-full size-full\" alt=\"\" loading=\"lazy\" srcset=\"https:\/\/isq-ingenieria.com\/wp-content\/uploads\/2022\/09\/isq-home-slider-2-1.jpg 1600w, https:\/\/isq-ingenieria.com\/wp-content\/uploads\/2022\/09\/isq-home-slider-2-1-300x94.jpg 300w, https:\/\/isq-ingenieria.com\/wp-content\/uploads\/2022\/09\/isq-home-slider-2-1-1024x320.jpg 1024w, https:\/\/isq-ingenieria.com\/wp-content\/uploads\/2022\/09\/isq-home-slider-2-1-768x240.jpg 768w, https:\/\/isq-ingenieria.com\/wp-content\/uploads\/2022\/09\/isq-home-slider-2-1-1536x480.jpg 1536w\" sizes=\"(max-width: 1600px) 100vw, 1600px\" \/>\t\t\t\t\t\t\t\t\t\t\t\t\t\t\t<\/div>\n\t\t\t\t<\/div>\n\t\t\t\t\t<\/div>\n\t\t<\/div>\n\t\t\t\t\t\t\t<\/div>\n\t\t<\/section>\n\t\t\t\t<section class=\"elementor-section elementor-top-section elementor-element elementor-element-4d9d66e elementor-section-boxed elementor-section-height-default elementor-section-height-default\" data-id=\"4d9d66e\" data-element_type=\"section\">\n\t\t\t\t\t\t<div class=\"elementor-container elementor-column-gap-default\">\n\t\t\t\t\t<div class=\"elementor-column elementor-col-50 elementor-top-column elementor-element elementor-element-aa26b95\" data-id=\"aa26b95\" data-element_type=\"column\">\n\t\t\t<div class=\"elementor-widget-wrap elementor-element-populated\">\n\t\t\t\t\t\t\t\t<div class=\"elementor-element elementor-element-e31f801 elementor-widget elementor-widget-heading\" data-id=\"e31f801\" data-element_type=\"widget\" data-widget_type=\"heading.default\">\n\t\t\t\t<div class=\"elementor-widget-container\">\n\t\t\t<h2 class=\"elementor-heading-title elementor-size-default\">Entre d\u2019altres:\n<\/h2>\t\t<\/div>\n\t\t\t\t<\/div>\n\t\t\t\t<div class=\"elementor-element elementor-element-0a951ba elementor-widget elementor-widget-text-editor\" data-id=\"0a951ba\" data-element_type=\"widget\" data-widget_type=\"text-editor.default\">\n\t\t\t\t<div class=\"elementor-widget-container\">\n\t\t\t\t\t\t\t<ul><li>Conceptualitzaci\u00f3 del proc\u00e9s objecte del projecte.<\/li><li>Presa de dades sobre el terreny.<\/li><li>Esquemes b\u00e0sics de funcionament.<\/li><li>Diagrames de blocs.<\/li><li>Diagrames de flux. PFD.<\/li><li>Diagrames d\u2019Equips, Piping i Instrumentaci\u00f3. PID.<\/li><li>Estudi de Balan\u00e7os energ\u00e8tics<\/li><\/ul>\t\t\t\t\t\t<\/div>\n\t\t\t\t<\/div>\n\t\t\t\t\t<\/div>\n\t\t<\/div>\n\t\t\t\t<div class=\"elementor-column elementor-col-50 elementor-top-column elementor-element elementor-element-0464003\" data-id=\"0464003\" data-element_type=\"column\">\n\t\t\t<div class=\"elementor-widget-wrap elementor-element-populated\">\n\t\t\t\t\t\t\t\t<div class=\"elementor-element elementor-element-e0efb5e elementor-widget elementor-widget-text-editor\" data-id=\"e0efb5e\" data-element_type=\"widget\" data-widget_type=\"text-editor.default\">\n\t\t\t\t<div class=\"elementor-widget-container\">\n\t\t\t\t\t\t\t<ul><li>Llistats i definici\u00f3 d\u2019equips i m\u00e0quines que intervenen en el proc\u00e9s productiu.<\/li><li>Implantaci\u00f3 preliminar del projecte. LAY OUT.<\/li><li>Dimensionat de volums, cabals, pressions, temperatures i les dades f\u00edsiques del proc\u00e9s, que definiran les condicions de disseny dels diferents elements del projecte.<\/li><li>Definici\u00f3 de la Normativa aplicable.<\/li><li>Especificacions t\u00e8cniques i requisits per oferta.<\/li><li>Estudis de viabilitat t\u00e8cnica i econ\u00f2mica.<\/li><\/ul>\t\t\t\t\t\t<\/div>\n\t\t\t\t<\/div>\n\t\t\t\t\t<\/div>\n\t\t<\/div>\n\t\t\t\t\t\t\t<\/div>\n\t\t<\/section>\n\t\t\t\t\t\t\t<\/div>\n\t\t","protected":false},"excerpt":{"rendered":"<p>Enginyeria b\u00e0sica Concebuda a partir de l\u2019Enginyeria de Proc\u00e9s, l\u2019execuci\u00f3 de la nostra ENGINYERIA B\u00c0SICApermet desenvolupar posteriorment una Enginyeria de Detall amb \u00e8xit.Fonamentalment es realitzen tots aquells treballs que defineixen aquesta fase,adaptats a cada projecte concret. Entre d\u2019altres: Conceptualitzaci\u00f3 del proc\u00e9s objecte del projecte. Presa de dades sobre el terreny. Esquemes b\u00e0sics de funcionament. Diagrames &hellip;<\/p>\n<p class=\"read-more\"> <a class=\"\" href=\"https:\/\/isq-ingenieria.com\/ca\/enginyeria-basica\/\"> <span class=\"screen-reader-text\">Enginyeria b\u00e0sica<\/span> Llegeix m\u00e9s &raquo;<\/a><\/p>\n","protected":false},"author":1,"featured_media":0,"parent":0,"menu_order":0,"comment_status":"closed","ping_status":"closed","template":"elementor_header_footer","meta":{"site-sidebar-layout":"no-sidebar","site-content-layout":"page-builder","ast-global-header-display":"","ast-main-header-display":"","ast-hfb-above-header-display":"","ast-hfb-below-header-display":"","ast-hfb-mobile-header-display":"","site-post-title":"disabled","ast-breadcrumbs-content":"","ast-featured-img":"disabled","footer-sml-layout":"","theme-transparent-header-meta":"default","adv-header-id-meta":"","stick-header-meta":"","header-above-stick-meta":"","header-main-stick-meta":"","header-below-stick-meta":""},"_links":{"self":[{"href":"https:\/\/isq-ingenieria.com\/ca\/wp-json\/wp\/v2\/pages\/398"}],"collection":[{"href":"https:\/\/isq-ingenieria.com\/ca\/wp-json\/wp\/v2\/pages"}],"about":[{"href":"https:\/\/isq-ingenieria.com\/ca\/wp-json\/wp\/v2\/types\/page"}],"author":[{"embeddable":true,"href":"https:\/\/isq-ingenieria.com\/ca\/wp-json\/wp\/v2\/users\/1"}],"replies":[{"embeddable":true,"href":"https:\/\/isq-ingenieria.com\/ca\/wp-json\/wp\/v2\/comments?post=398"}],"version-history":[{"count":4,"href":"https:\/\/isq-ingenieria.com\/ca\/wp-json\/wp\/v2\/pages\/398\/revisions"}],"predecessor-version":[{"id":402,"href":"https:\/\/isq-ingenieria.com\/ca\/wp-json\/wp\/v2\/pages\/398\/revisions\/402"}],"wp:attachment":[{"href":"https:\/\/isq-ingenieria.com\/ca\/wp-json\/wp\/v2\/media?parent=398"}],"curies":[{"name":"wp","href":"https:\/\/api.w.org\/{rel}","templated":true}]}}