{"id":404,"date":"2022-09-22T21:15:42","date_gmt":"2022-09-22T21:15:42","guid":{"rendered":"http:\/\/isq-ingenieria.com\/?page_id=404"},"modified":"2022-09-23T16:52:48","modified_gmt":"2022-09-23T16:52:48","slug":"enginyeria-de-detall","status":"publish","type":"page","link":"https:\/\/isq-ingenieria.com\/ca\/enginyeria-de-detall\/","title":{"rendered":"Enginyeria de detall"},"content":{"rendered":"\t\t<div data-elementor-type=\"wp-page\" data-elementor-id=\"404\" class=\"elementor elementor-404 elementor-140\">\n\t\t\t\t\t\t\t\t\t<section class=\"elementor-section elementor-top-section elementor-element elementor-element-0cfdaf5 elementor-section-boxed elementor-section-height-default elementor-section-height-default\" data-id=\"0cfdaf5\" data-element_type=\"section\" data-settings=\"{&quot;background_background&quot;:&quot;classic&quot;}\">\n\t\t\t\t\t\t<div class=\"elementor-container elementor-column-gap-default\">\n\t\t\t\t\t<div class=\"elementor-column elementor-col-100 elementor-top-column elementor-element elementor-element-3897924\" data-id=\"3897924\" data-element_type=\"column\">\n\t\t\t<div class=\"elementor-widget-wrap elementor-element-populated\">\n\t\t\t\t\t\t\t\t<div class=\"elementor-element elementor-element-849a356 elementor-widget elementor-widget-heading\" data-id=\"849a356\" data-element_type=\"widget\" data-widget_type=\"heading.default\">\n\t\t\t\t<div class=\"elementor-widget-container\">\n\t\t\t<style>\/*! elementor - v3.7.7 - 20-09-2022 *\/\n.elementor-heading-title{padding:0;margin:0;line-height:1}.elementor-widget-heading .elementor-heading-title[class*=elementor-size-]>a{color:inherit;font-size:inherit;line-height:inherit}.elementor-widget-heading .elementor-heading-title.elementor-size-small{font-size:15px}.elementor-widget-heading .elementor-heading-title.elementor-size-medium{font-size:19px}.elementor-widget-heading .elementor-heading-title.elementor-size-large{font-size:29px}.elementor-widget-heading .elementor-heading-title.elementor-size-xl{font-size:39px}.elementor-widget-heading .elementor-heading-title.elementor-size-xxl{font-size:59px}<\/style><h2 class=\"elementor-heading-title elementor-size-default\">Enginyeria de detall\n<\/h2>\t\t<\/div>\n\t\t\t\t<\/div>\n\t\t\t\t<div class=\"elementor-element elementor-element-514d01d elementor-widget elementor-widget-text-editor\" data-id=\"514d01d\" data-element_type=\"widget\" data-widget_type=\"text-editor.default\">\n\t\t\t\t<div class=\"elementor-widget-container\">\n\t\t\t<style>\/*! elementor - v3.7.7 - 20-09-2022 *\/\n.elementor-widget-text-editor.elementor-drop-cap-view-stacked .elementor-drop-cap{background-color:#818a91;color:#fff}.elementor-widget-text-editor.elementor-drop-cap-view-framed .elementor-drop-cap{color:#818a91;border:3px solid;background-color:transparent}.elementor-widget-text-editor:not(.elementor-drop-cap-view-default) .elementor-drop-cap{margin-top:8px}.elementor-widget-text-editor:not(.elementor-drop-cap-view-default) .elementor-drop-cap-letter{width:1em;height:1em}.elementor-widget-text-editor .elementor-drop-cap{float:left;text-align:center;line-height:1;font-size:50px}.elementor-widget-text-editor .elementor-drop-cap-letter{display:inline-block}<\/style>\t\t\t\t<p>La nostra Enginyeria de detall assumeix el dimensionament<br \/>i definici\u00f3 del projecte d\u2019una manera efica\u00e7.<br \/>Es basa en una comprovaci\u00f3 i presa de dades de la realitat, la qual<br \/>cosa ens permet, a trav\u00e9s del nostre disseny i la nostra representaci\u00f3 gr\u00e0fica,<br \/>concretar tota la informaci\u00f3 necess\u00e0ria per tal que les empreses de construcci\u00f3<br \/>desenvolupin la seva tasca fidels al projecte i sense imprevistos, d\u2019acord amb els<br \/>interessos prefixats pels nostres clients.<\/p>\t\t\t\t\t\t<\/div>\n\t\t\t\t<\/div>\n\t\t\t\t\t<\/div>\n\t\t<\/div>\n\t\t\t\t\t\t\t<\/div>\n\t\t<\/section>\n\t\t\t\t<section class=\"elementor-section elementor-top-section elementor-element elementor-element-6548be0 elementor-section-full_width elementor-section-height-default elementor-section-height-default\" data-id=\"6548be0\" data-element_type=\"section\">\n\t\t\t\t\t\t<div class=\"elementor-container elementor-column-gap-default\">\n\t\t\t\t\t<div class=\"elementor-column elementor-col-100 elementor-top-column elementor-element elementor-element-af0057f\" data-id=\"af0057f\" data-element_type=\"column\">\n\t\t\t<div class=\"elementor-widget-wrap elementor-element-populated\">\n\t\t\t\t\t\t\t\t<div class=\"elementor-element elementor-element-b527f6f elementor-widget elementor-widget-image\" data-id=\"b527f6f\" data-element_type=\"widget\" data-widget_type=\"image.default\">\n\t\t\t\t<div class=\"elementor-widget-container\">\n\t\t\t<style>\/*! elementor - v3.7.7 - 20-09-2022 *\/\n.elementor-widget-image{text-align:center}.elementor-widget-image a{display:inline-block}.elementor-widget-image a img[src$=\".svg\"]{width:48px}.elementor-widget-image img{vertical-align:middle;display:inline-block}<\/style>\t\t\t\t\t\t\t\t\t\t\t\t<img width=\"1600\" height=\"500\" src=\"https:\/\/isq-ingenieria.com\/wp-content\/uploads\/2022\/09\/isq-home-slider-2-1.jpg\" class=\"attachment-full size-full\" alt=\"\" loading=\"lazy\" srcset=\"https:\/\/isq-ingenieria.com\/wp-content\/uploads\/2022\/09\/isq-home-slider-2-1.jpg 1600w, https:\/\/isq-ingenieria.com\/wp-content\/uploads\/2022\/09\/isq-home-slider-2-1-300x94.jpg 300w, https:\/\/isq-ingenieria.com\/wp-content\/uploads\/2022\/09\/isq-home-slider-2-1-1024x320.jpg 1024w, https:\/\/isq-ingenieria.com\/wp-content\/uploads\/2022\/09\/isq-home-slider-2-1-768x240.jpg 768w, https:\/\/isq-ingenieria.com\/wp-content\/uploads\/2022\/09\/isq-home-slider-2-1-1536x480.jpg 1536w\" sizes=\"(max-width: 1600px) 100vw, 1600px\" \/>\t\t\t\t\t\t\t\t\t\t\t\t\t\t\t<\/div>\n\t\t\t\t<\/div>\n\t\t\t\t\t<\/div>\n\t\t<\/div>\n\t\t\t\t\t\t\t<\/div>\n\t\t<\/section>\n\t\t\t\t<section class=\"elementor-section elementor-top-section elementor-element elementor-element-e58c43c elementor-section-boxed elementor-section-height-default elementor-section-height-default\" data-id=\"e58c43c\" data-element_type=\"section\">\n\t\t\t\t\t\t<div class=\"elementor-container elementor-column-gap-default\">\n\t\t\t\t\t<div class=\"elementor-column elementor-col-33 elementor-top-column elementor-element elementor-element-bfe10bd\" data-id=\"bfe10bd\" data-element_type=\"column\">\n\t\t\t<div class=\"elementor-widget-wrap elementor-element-populated\">\n\t\t\t\t\t\t\t\t<div class=\"elementor-element elementor-element-4abd122 elementor-widget elementor-widget-heading\" data-id=\"4abd122\" data-element_type=\"widget\" data-widget_type=\"heading.default\">\n\t\t\t\t<div class=\"elementor-widget-container\">\n\t\t\t<h2 class=\"elementor-heading-title elementor-size-default\">OBRA CIVIL\n<\/h2>\t\t<\/div>\n\t\t\t\t<\/div>\n\t\t\t\t<div class=\"elementor-element elementor-element-06d4e5e elementor-widget elementor-widget-text-editor\" data-id=\"06d4e5e\" data-element_type=\"widget\" data-widget_type=\"text-editor.default\">\n\t\t\t\t<div class=\"elementor-widget-container\">\n\t\t\t\t\t\t\t<ul><li>Projectes constructius complets.<\/li><li>Disseny i c\u00e0lcul segons CTE.<\/li><li>Direcci\u00f3 d\u2019Obra.<\/li><li>Pl\u00e0nols constructius.<\/li><li>Estats de mesuraments.<\/li><li>Resum de materials i especejaments.<\/li><li>Assist\u00e8ncia t\u00e8cnica a constructors i promotors.<\/li><\/ul><h5>Estem especialitzats en:<\/h5><ul><li>Fonaments superficials singulars, combinats, simples i m\u00faltiples.<\/li><li>Lloses de fonamentaci\u00f3.<\/li><li>Fonaments profunds: micropilotatge, pilotatge, lloses pilotades i micropilotades.<\/li><li>Pantalles, murs de contenci\u00f3, fosses, dip\u00f2sits enterrats i aeris.<\/li><li>Canalitzacions, xarxes de sanejament, industrials i pluvials.<div class=\"omsc-one-third omsc-last\"><div class=\"clear\">\u00a0<\/div><\/div><div class=\"omsc-clear\">\u00a0<\/div><\/li><li>Disseny d\u2019estructures en formig\u00f3 pretesat, prefabricats.<\/li><li>C\u00e0lcul i disseny de naus industrials.<\/li><li>C\u00e0lcul i disseny d\u2019estructures i edificis industrials.<\/li><li>Urbanitzaci\u00f3 industrial.<\/li><li>Aparcament i vies d\u2019acc\u00e9s.<\/li><li>Cubetes de emmagatzematge de productes.<\/li><li>Racks subterranis.<\/li><li>Bancades per equips amb esfor\u00e7os est\u00e0tics i din\u00e0mics<\/li><\/ul>\t\t\t\t\t\t<\/div>\n\t\t\t\t<\/div>\n\t\t\t\t\t<\/div>\n\t\t<\/div>\n\t\t\t\t<div class=\"elementor-column elementor-col-33 elementor-top-column elementor-element elementor-element-51e4c03\" data-id=\"51e4c03\" data-element_type=\"column\">\n\t\t\t<div class=\"elementor-widget-wrap elementor-element-populated\">\n\t\t\t\t\t\t\t\t<div class=\"elementor-element elementor-element-0be5ef3 elementor-widget elementor-widget-heading\" data-id=\"0be5ef3\" data-element_type=\"widget\" data-widget_type=\"heading.default\">\n\t\t\t\t<div class=\"elementor-widget-container\">\n\t\t\t<h2 class=\"elementor-heading-title elementor-size-default\">ESTRUCTURA MET\u00c0L\u00b7LICA\n<\/h2>\t\t<\/div>\n\t\t\t\t<\/div>\n\t\t\t\t<div class=\"elementor-element elementor-element-c75b552 elementor-widget elementor-widget-text-editor\" data-id=\"c75b552\" data-element_type=\"widget\" data-widget_type=\"text-editor.default\">\n\t\t\t\t<div class=\"elementor-widget-container\">\n\t\t\t\t\t\t\t<ul><li>Projectes constructius complets.<\/li><li>Disseny i c\u00e0lcul segons CTE.<\/li><li>Direcci\u00f3 d\u2019Obra.<\/li><li>Pl\u00e0nols constructius.<\/li><li>Estudis de Seguretat.<\/li><li>Estats de mesuraments.<\/li><li>Resum de materials i especejaments.<\/li><li>Assist\u00e8ncia t\u00e8cnica a constructors i promotors.<\/li><\/ul><h5>Estem especialitzats en el sector industrial qu\u00edmic, petroqu\u00edmic, alimentari, qu\u00edmic fi i farmac\u00e8utic, per al desenvolupament de:<\/h5><ul><li>Plantes de proc\u00e9s completes, d\u2019alt rigor constructiu. Per a unitats de proc\u00e9s i de reacci\u00f3, amb altes sol\u00b7licitacions i efectes combinats de vehicles, alta temperatura i seguretat s\u00edsmica.<\/li><li>Ponts i racks de canonades.<\/li><li>Ponts i passarel\u00b7les d\u2019acc\u00e9s de persones i vehicles.<\/li><li>Marquesines per a estacions de c\u00e0rrega i desc\u00e0rrega de camions i vagons.<\/li><li>Edificis de producci\u00f3.<\/li><li>Magatzems i naus industrials.<\/li><li>Construccions singulars i estructures adaptades a zones de proc\u00e9s en marxa.<\/li><li>Tancs d\u2019emmagatzematge i dip\u00f2sits.<\/li><li>Processos de protecci\u00f3 a la corrosi\u00f3, protecci\u00f3 passiva i activa contra incendis dels edificis.<\/li><\/ul>\t\t\t\t\t\t<\/div>\n\t\t\t\t<\/div>\n\t\t\t\t\t<\/div>\n\t\t<\/div>\n\t\t\t\t<div class=\"elementor-column elementor-col-33 elementor-top-column elementor-element elementor-element-17bcb79\" data-id=\"17bcb79\" data-element_type=\"column\">\n\t\t\t<div class=\"elementor-widget-wrap elementor-element-populated\">\n\t\t\t\t\t\t\t\t<div class=\"elementor-element elementor-element-eb44220 elementor-widget elementor-widget-heading\" data-id=\"eb44220\" data-element_type=\"widget\" data-widget_type=\"heading.default\">\n\t\t\t\t<div class=\"elementor-widget-container\">\n\t\t\t<h2 class=\"elementor-heading-title elementor-size-default\">PIPING: INSTAL\u00b7LACIONS DE CANONADES\n<\/h2>\t\t<\/div>\n\t\t\t\t<\/div>\n\t\t\t\t<div class=\"elementor-element elementor-element-50799ab elementor-widget elementor-widget-text-editor\" data-id=\"50799ab\" data-element_type=\"widget\" data-widget_type=\"text-editor.default\">\n\t\t\t\t<div class=\"elementor-widget-container\">\n\t\t\t\t\t\t\t<ul><li>Projectes constructius complets.<\/li><li>Enginyeria de fluids i an\u00e0lisi din\u00e0mica de fluxos.<\/li><li>An\u00e0lisi i optimitzaci\u00f3 t\u00e8cnica i econ\u00f2mica del flux de fluids.<\/li><li>Disseny de plantes de producci\u00f3 completes.<\/li><li>Desenvolupament i disseny de millores i projectes parcials en plantes de producci\u00f3 en funcionament.<\/li><li>Pl\u00e0nols de piping generals i de detall.<\/li><li>Isom\u00e8triques de construcci\u00f3.<\/li><li>Llistats d\u2019especificaci\u00f3 t\u00e8cnica de construcci\u00f3 de l\u00ednies.<\/li><li>Resum de materials i especejaments, per oferta i adquisici\u00f3.<\/li><li>Pl\u00e0nols de suport i estructures suport.<\/li><li>An\u00e0lisi d\u2019estr\u00e8s de canonades i solucions per a la seva compensaci\u00f3 per dilatacions t\u00e8rmiques .<\/li><li>Disseny de canonades en processos d\u2019alta responsabilitat de disseny: pel tipus de fluid, condicions de disseny d\u2019alta pressi\u00f3, buit, alta i baixa temperatura, condicions sanit\u00e0ries o as\u00e8ptiques\u2026<\/li><li>Disseny d\u2019aparells a pressi\u00f3.<\/li><li>Pl\u00e0nols constructius d\u2019aparells.<\/li><li>Disseny i selecci\u00f3 d\u2019equips de proc\u00e9s, bombes, bescanviadors, condensadors, dip\u00f2sits, reactors\u2026<\/li><li>Disseny t\u00e8rmic d\u2019equips i transfer\u00e8ncia t\u00e8rmica en els processos.<\/li><li>Supervisi\u00f3 i direcci\u00f3 d\u2019obra.<\/li><li>Assist\u00e8ncia t\u00e8cnica en obra a constructors i promotors.<\/li><\/ul>\t\t\t\t\t\t<\/div>\n\t\t\t\t<\/div>\n\t\t\t\t\t<\/div>\n\t\t<\/div>\n\t\t\t\t\t\t\t<\/div>\n\t\t<\/section>\n\t\t\t\t\t\t\t<\/div>\n\t\t","protected":false},"excerpt":{"rendered":"<p>Enginyeria de detall La nostra Enginyeria de detall assumeix el dimensionamenti definici\u00f3 del projecte d\u2019una manera efica\u00e7.Es basa en una comprovaci\u00f3 i presa de dades de la realitat, la qualcosa ens permet, a trav\u00e9s del nostre disseny i la nostra representaci\u00f3 gr\u00e0fica,concretar tota la informaci\u00f3 necess\u00e0ria per tal que les empreses de construcci\u00f3desenvolupin la seva &hellip;<\/p>\n<p class=\"read-more\"> <a class=\"\" href=\"https:\/\/isq-ingenieria.com\/ca\/enginyeria-de-detall\/\"> <span class=\"screen-reader-text\">Enginyeria de detall<\/span> Llegeix m\u00e9s &raquo;<\/a><\/p>\n","protected":false},"author":1,"featured_media":0,"parent":0,"menu_order":0,"comment_status":"closed","ping_status":"closed","template":"elementor_header_footer","meta":{"site-sidebar-layout":"no-sidebar","site-content-layout":"page-builder","ast-global-header-display":"","ast-main-header-display":"","ast-hfb-above-header-display":"","ast-hfb-below-header-display":"","ast-hfb-mobile-header-display":"","site-post-title":"disabled","ast-breadcrumbs-content":"","ast-featured-img":"disabled","footer-sml-layout":"","theme-transparent-header-meta":"default","adv-header-id-meta":"","stick-header-meta":"","header-above-stick-meta":"","header-main-stick-meta":"","header-below-stick-meta":""},"_links":{"self":[{"href":"https:\/\/isq-ingenieria.com\/ca\/wp-json\/wp\/v2\/pages\/404"}],"collection":[{"href":"https:\/\/isq-ingenieria.com\/ca\/wp-json\/wp\/v2\/pages"}],"about":[{"href":"https:\/\/isq-ingenieria.com\/ca\/wp-json\/wp\/v2\/types\/page"}],"author":[{"embeddable":true,"href":"https:\/\/isq-ingenieria.com\/ca\/wp-json\/wp\/v2\/users\/1"}],"replies":[{"embeddable":true,"href":"https:\/\/isq-ingenieria.com\/ca\/wp-json\/wp\/v2\/comments?post=404"}],"version-history":[{"count":4,"href":"https:\/\/isq-ingenieria.com\/ca\/wp-json\/wp\/v2\/pages\/404\/revisions"}],"predecessor-version":[{"id":409,"href":"https:\/\/isq-ingenieria.com\/ca\/wp-json\/wp\/v2\/pages\/404\/revisions\/409"}],"wp:attachment":[{"href":"https:\/\/isq-ingenieria.com\/ca\/wp-json\/wp\/v2\/media?parent=404"}],"curies":[{"name":"wp","href":"https:\/\/api.w.org\/{rel}","templated":true}]}}