{"id":521,"date":"2022-09-22T19:19:54","date_gmt":"2022-09-22T19:19:54","guid":{"rendered":"http:\/\/isq-ingenieria.com\/?page_id=521"},"modified":"2022-09-27T14:41:19","modified_gmt":"2022-09-27T14:41:19","slug":"entreprise","status":"publish","type":"page","link":"https:\/\/isq-ingenieria.com\/fr\/entreprise\/","title":{"rendered":"Entreprise"},"content":{"rendered":"\t\t<div data-elementor-type=\"wp-page\" data-elementor-id=\"521\" class=\"elementor elementor-521 elementor-12\">\n\t\t\t\t\t\t\t\t\t<section class=\"elementor-section elementor-top-section elementor-element elementor-element-db3d6f1 elementor-section-boxed elementor-section-height-default elementor-section-height-default\" data-id=\"db3d6f1\" data-element_type=\"section\" data-settings=\"{&quot;background_background&quot;:&quot;classic&quot;}\">\n\t\t\t\t\t\t<div class=\"elementor-container elementor-column-gap-default\">\n\t\t\t\t\t<div class=\"elementor-column elementor-col-100 elementor-top-column elementor-element elementor-element-0396055\" data-id=\"0396055\" data-element_type=\"column\">\n\t\t\t<div class=\"elementor-widget-wrap elementor-element-populated\">\n\t\t\t\t\t\t\t\t<div class=\"elementor-element elementor-element-4673773 elementor-widget elementor-widget-heading\" data-id=\"4673773\" data-element_type=\"widget\" data-widget_type=\"heading.default\">\n\t\t\t\t<div class=\"elementor-widget-container\">\n\t\t\t<style>\/*! elementor - v3.7.7 - 20-09-2022 *\/\n.elementor-heading-title{padding:0;margin:0;line-height:1}.elementor-widget-heading .elementor-heading-title[class*=elementor-size-]>a{color:inherit;font-size:inherit;line-height:inherit}.elementor-widget-heading .elementor-heading-title.elementor-size-small{font-size:15px}.elementor-widget-heading .elementor-heading-title.elementor-size-medium{font-size:19px}.elementor-widget-heading .elementor-heading-title.elementor-size-large{font-size:29px}.elementor-widget-heading .elementor-heading-title.elementor-size-xl{font-size:39px}.elementor-widget-heading .elementor-heading-title.elementor-size-xxl{font-size:59px}<\/style><h2 class=\"elementor-heading-title elementor-size-default\">Notre entreprise\n<\/h2>\t\t<\/div>\n\t\t\t\t<\/div>\n\t\t\t\t<div class=\"elementor-element elementor-element-18e432b elementor-widget elementor-widget-text-editor\" data-id=\"18e432b\" data-element_type=\"widget\" data-widget_type=\"text-editor.default\">\n\t\t\t\t<div class=\"elementor-widget-container\">\n\t\t\t<style>\/*! elementor - v3.7.7 - 20-09-2022 *\/\n.elementor-widget-text-editor.elementor-drop-cap-view-stacked .elementor-drop-cap{background-color:#818a91;color:#fff}.elementor-widget-text-editor.elementor-drop-cap-view-framed .elementor-drop-cap{color:#818a91;border:3px solid;background-color:transparent}.elementor-widget-text-editor:not(.elementor-drop-cap-view-default) .elementor-drop-cap{margin-top:8px}.elementor-widget-text-editor:not(.elementor-drop-cap-view-default) .elementor-drop-cap-letter{width:1em;height:1em}.elementor-widget-text-editor .elementor-drop-cap{float:left;text-align:center;line-height:1;font-size:50px}.elementor-widget-text-editor .elementor-drop-cap-letter{display:inline-block}<\/style>\t\t\t\t<p>En Juin 2000, on a commenc\u00e9 nos activit\u00e9s dans le but de cr\u00e9er une<br \/>soci\u00e9t\u00e9 d\u00e9di\u00e9e au d\u00e9veloppement d\u2019une ing\u00e9nierie de haute qualit\u00e9. Depuis lors,<br \/>on combine une gestion optimis\u00e9e et ergonomique de l\u2019espace dans nos designs, avec un haut<br \/>niveau de d\u00e9tail et une haute d\u00e9finition et contr\u00f4le des projets mis en \u0153uvre, ce qui<br \/>permet \u00e0 nos clients un amortissement \u00e9conomique tr\u00e8s rapide, aussi bien de l\u2019ing\u00e9nierie<br \/>que de la construction des projets.<\/p>\t\t\t\t\t\t<\/div>\n\t\t\t\t<\/div>\n\t\t\t\t\t<\/div>\n\t\t<\/div>\n\t\t\t\t\t\t\t<\/div>\n\t\t<\/section>\n\t\t\t\t<section class=\"elementor-section elementor-top-section elementor-element elementor-element-060525a elementor-section-full_width elementor-section-height-default elementor-section-height-default\" data-id=\"060525a\" data-element_type=\"section\">\n\t\t\t\t\t\t<div class=\"elementor-container elementor-column-gap-default\">\n\t\t\t\t\t<div class=\"elementor-column elementor-col-100 elementor-top-column elementor-element elementor-element-a86aab7\" data-id=\"a86aab7\" data-element_type=\"column\">\n\t\t\t<div class=\"elementor-widget-wrap elementor-element-populated\">\n\t\t\t\t\t\t\t\t<div class=\"elementor-element elementor-element-086dbb4 elementor-widget elementor-widget-image\" data-id=\"086dbb4\" data-element_type=\"widget\" data-widget_type=\"image.default\">\n\t\t\t\t<div class=\"elementor-widget-container\">\n\t\t\t<style>\/*! elementor - v3.7.7 - 20-09-2022 *\/\n.elementor-widget-image{text-align:center}.elementor-widget-image a{display:inline-block}.elementor-widget-image a img[src$=\".svg\"]{width:48px}.elementor-widget-image img{vertical-align:middle;display:inline-block}<\/style>\t\t\t\t\t\t\t\t\t\t\t\t<img width=\"1600\" height=\"500\" src=\"https:\/\/isq-ingenieria.com\/wp-content\/uploads\/2022\/09\/isq-home-slider-2-1.jpg\" class=\"attachment-full size-full\" alt=\"\" loading=\"lazy\" srcset=\"https:\/\/isq-ingenieria.com\/wp-content\/uploads\/2022\/09\/isq-home-slider-2-1.jpg 1600w, https:\/\/isq-ingenieria.com\/wp-content\/uploads\/2022\/09\/isq-home-slider-2-1-300x94.jpg 300w, https:\/\/isq-ingenieria.com\/wp-content\/uploads\/2022\/09\/isq-home-slider-2-1-1024x320.jpg 1024w, https:\/\/isq-ingenieria.com\/wp-content\/uploads\/2022\/09\/isq-home-slider-2-1-768x240.jpg 768w, https:\/\/isq-ingenieria.com\/wp-content\/uploads\/2022\/09\/isq-home-slider-2-1-1536x480.jpg 1536w\" sizes=\"(max-width: 1600px) 100vw, 1600px\" \/>\t\t\t\t\t\t\t\t\t\t\t\t\t\t\t<\/div>\n\t\t\t\t<\/div>\n\t\t\t\t\t<\/div>\n\t\t<\/div>\n\t\t\t\t\t\t\t<\/div>\n\t\t<\/section>\n\t\t\t\t<section class=\"elementor-section elementor-top-section elementor-element elementor-element-5116578 elementor-section-boxed elementor-section-height-default elementor-section-height-default\" data-id=\"5116578\" data-element_type=\"section\">\n\t\t\t\t\t\t<div class=\"elementor-container elementor-column-gap-default\">\n\t\t\t\t\t<div class=\"elementor-column elementor-col-33 elementor-top-column elementor-element elementor-element-890b205\" data-id=\"890b205\" data-element_type=\"column\">\n\t\t\t<div class=\"elementor-widget-wrap elementor-element-populated\">\n\t\t\t\t\t\t\t\t<div class=\"elementor-element elementor-element-f2ff986 elementor-widget elementor-widget-heading\" data-id=\"f2ff986\" data-element_type=\"widget\" data-widget_type=\"heading.default\">\n\t\t\t\t<div class=\"elementor-widget-container\">\n\t\t\t<h2 class=\"elementor-heading-title elementor-size-default\">Ressources<\/h2>\t\t<\/div>\n\t\t\t\t<\/div>\n\t\t\t\t<div class=\"elementor-element elementor-element-62ca3df elementor-widget elementor-widget-image\" data-id=\"62ca3df\" data-element_type=\"widget\" data-widget_type=\"image.default\">\n\t\t\t\t<div class=\"elementor-widget-container\">\n\t\t\t\t\t\t\t\t\t\t\t\t\t\t\t<img width=\"400\" height=\"267\" src=\"https:\/\/isq-ingenieria.com\/wp-content\/uploads\/2022\/09\/recursos_isq.jpg\" class=\"attachment-full size-full\" alt=\"\" loading=\"lazy\" srcset=\"https:\/\/isq-ingenieria.com\/wp-content\/uploads\/2022\/09\/recursos_isq.jpg 400w, https:\/\/isq-ingenieria.com\/wp-content\/uploads\/2022\/09\/recursos_isq-300x200.jpg 300w\" sizes=\"(max-width: 400px) 100vw, 400px\" \/>\t\t\t\t\t\t\t\t\t\t\t\t\t\t\t<\/div>\n\t\t\t\t<\/div>\n\t\t\t\t<div class=\"elementor-element elementor-element-6c3ce20 elementor-widget elementor-widget-text-editor\" data-id=\"6c3ce20\" data-element_type=\"widget\" data-widget_type=\"text-editor.default\">\n\t\t\t\t<div class=\"elementor-widget-container\">\n\t\t\t\t\t\t\t<p>Chez ISQ on travaille afin que nos clients atteignent le plus grand amortissement dans les meilleurs d\u00e9lais:<br \/><br \/>\u00b7 Une \u00e9quipe compos\u00e9e d\u2019ing\u00e9nieurs et de techniciens hautement qualifi\u00e9s avec plus de 20 ans d\u2019exp\u00e9rience dans les diff\u00e9rents secteurs dans lesquels on travaille.<br \/><br \/>\u00b7 Ressources de software et hardware de derni\u00e8re g\u00e9n\u00e9ration, personnalis\u00e9s et mis \u00e0 jour avec la r\u00e9glementation en vigueur. Cela nous permet d\u2019\u00eatre \u00e0 l\u2019avant-garde de l\u2019\u00e9dition graphique, la conception et le calcul des installations, et d\u2019obtenir une haute co\u00efncidence entre la gestion et planification des projets et la r\u00e9alit\u00e9.<\/p>\t\t\t\t\t\t<\/div>\n\t\t\t\t<\/div>\n\t\t\t\t\t<\/div>\n\t\t<\/div>\n\t\t\t\t<div class=\"elementor-column elementor-col-33 elementor-top-column elementor-element elementor-element-cd32ef5\" data-id=\"cd32ef5\" data-element_type=\"column\">\n\t\t\t<div class=\"elementor-widget-wrap elementor-element-populated\">\n\t\t\t\t\t\t\t\t<div class=\"elementor-element elementor-element-e98861b elementor-widget elementor-widget-heading\" data-id=\"e98861b\" data-element_type=\"widget\" data-widget_type=\"heading.default\">\n\t\t\t\t<div class=\"elementor-widget-container\">\n\t\t\t<h2 class=\"elementor-heading-title elementor-size-default\">Philosophie\n\n<\/h2>\t\t<\/div>\n\t\t\t\t<\/div>\n\t\t\t\t<div class=\"elementor-element elementor-element-5d1d0af elementor-widget elementor-widget-image\" data-id=\"5d1d0af\" data-element_type=\"widget\" data-widget_type=\"image.default\">\n\t\t\t\t<div class=\"elementor-widget-container\">\n\t\t\t\t\t\t\t\t\t\t\t\t\t\t\t<img width=\"400\" height=\"267\" src=\"https:\/\/isq-ingenieria.com\/wp-content\/uploads\/2022\/09\/filosofia-isq.jpg\" class=\"attachment-full size-full\" alt=\"\" loading=\"lazy\" srcset=\"https:\/\/isq-ingenieria.com\/wp-content\/uploads\/2022\/09\/filosofia-isq.jpg 400w, https:\/\/isq-ingenieria.com\/wp-content\/uploads\/2022\/09\/filosofia-isq-300x200.jpg 300w\" sizes=\"(max-width: 400px) 100vw, 400px\" \/>\t\t\t\t\t\t\t\t\t\t\t\t\t\t\t<\/div>\n\t\t\t\t<\/div>\n\t\t\t\t<div class=\"elementor-element elementor-element-2a86173 elementor-widget elementor-widget-text-editor\" data-id=\"2a86173\" data-element_type=\"widget\" data-widget_type=\"text-editor.default\">\n\t\t\t\t<div class=\"elementor-widget-container\">\n\t\t\t\t\t\t\t<p>Notre syst\u00e8me consiste \u00e0 mettre \u00e0 disposition de nos clients une organisation personnalis\u00e9e, flexible et efficace qui puisse les assister comme s\u2019il s\u2019agissait de leur propre d\u00e9partement d\u2019ing\u00e9nierie, gr\u00e2ce \u00e0 une bonne communication, directe et flexible. C\u2019est seulement ainsi qu\u2019on est capables d\u2019aboutir \u00e0 des projets d\u2019ing\u00e9nierie int\u00e9gr\u00e9s et adapt\u00e9s aux int\u00e9r\u00eats de nos clients, et a une solution int\u00e9grale \u00e0 l\u2019ensemble des objectifs qui ont \u00e9t\u00e9 fix\u00e9s.<\/p>\t\t\t\t\t\t<\/div>\n\t\t\t\t<\/div>\n\t\t\t\t\t<\/div>\n\t\t<\/div>\n\t\t\t\t<div class=\"elementor-column elementor-col-33 elementor-top-column elementor-element elementor-element-d12559b\" data-id=\"d12559b\" data-element_type=\"column\">\n\t\t\t<div class=\"elementor-widget-wrap elementor-element-populated\">\n\t\t\t\t\t\t\t\t<div class=\"elementor-element elementor-element-2569a1a elementor-widget elementor-widget-heading\" data-id=\"2569a1a\" data-element_type=\"widget\" data-widget_type=\"heading.default\">\n\t\t\t\t<div class=\"elementor-widget-container\">\n\t\t\t<h2 class=\"elementor-heading-title elementor-size-default\">Objectifs\n<\/h2>\t\t<\/div>\n\t\t\t\t<\/div>\n\t\t\t\t<div class=\"elementor-element elementor-element-5576714 elementor-widget elementor-widget-image\" data-id=\"5576714\" data-element_type=\"widget\" data-widget_type=\"image.default\">\n\t\t\t\t<div class=\"elementor-widget-container\">\n\t\t\t\t\t\t\t\t\t\t\t\t\t\t\t<img width=\"400\" height=\"267\" src=\"https:\/\/isq-ingenieria.com\/wp-content\/uploads\/2022\/09\/objetivos-empresa.jpg\" class=\"attachment-full size-full\" alt=\"\" loading=\"lazy\" srcset=\"https:\/\/isq-ingenieria.com\/wp-content\/uploads\/2022\/09\/objetivos-empresa.jpg 400w, https:\/\/isq-ingenieria.com\/wp-content\/uploads\/2022\/09\/objetivos-empresa-300x200.jpg 300w\" sizes=\"(max-width: 400px) 100vw, 400px\" \/>\t\t\t\t\t\t\t\t\t\t\t\t\t\t\t<\/div>\n\t\t\t\t<\/div>\n\t\t\t\t<div class=\"elementor-element elementor-element-a6fa3fa elementor-widget elementor-widget-text-editor\" data-id=\"a6fa3fa\" data-element_type=\"widget\" data-widget_type=\"text-editor.default\">\n\t\t\t\t<div class=\"elementor-widget-container\">\n\t\t\t\t\t\t\t<div class=\"omsc-one-third omsc-last\"><h5>La mise en \u0153uvre de projets tout en garantissant un niveau absolu de satisfaction de la part de nos clients en ce qui concerne le travail effectu\u00e9.<\/h5><div class=\"clear\">\u00a0<\/div><\/div>\t\t\t\t\t\t<\/div>\n\t\t\t\t<\/div>\n\t\t\t\t\t<\/div>\n\t\t<\/div>\n\t\t\t\t\t\t\t<\/div>\n\t\t<\/section>\n\t\t\t\t<section class=\"elementor-section elementor-top-section elementor-element elementor-element-6a4c0e1 elementor-section-boxed elementor-section-height-default elementor-section-height-default\" data-id=\"6a4c0e1\" data-element_type=\"section\" data-settings=\"{&quot;background_background&quot;:&quot;classic&quot;}\">\n\t\t\t\t\t\t<div class=\"elementor-container elementor-column-gap-default\">\n\t\t\t\t\t<div class=\"elementor-column elementor-col-100 elementor-top-column elementor-element elementor-element-3d5b7bd\" data-id=\"3d5b7bd\" data-element_type=\"column\">\n\t\t\t<div class=\"elementor-widget-wrap elementor-element-populated\">\n\t\t\t\t\t\t\t\t<div class=\"elementor-element elementor-element-14e11d6 elementor-widget elementor-widget-text-editor\" data-id=\"14e11d6\" data-element_type=\"widget\" data-widget_type=\"text-editor.default\">\n\t\t\t\t<div class=\"elementor-widget-container\">\n\t\t\t\t\t\t\t<p>Les clients qui nous font confiance sont de plus en plus nombreux. Ils comptent sur notre savoir-faire \u00e0 propos du d\u00e9veloppement de l\u2019ing\u00e9nierie, et profitent des avantages que leur rapporte la r\u00e9alisation d\u00e9taill\u00e9e et bien d\u00e9finie, ce qui leur \u00e9pargne certains probl\u00e8mes et impr\u00e9vus pendant la construction des projets.<br \/>C\u2019est gr\u00e2ce aux r\u00e9sultats obtenus et \u00e0 la confiance de nos clients, qu\u2019on peut suivre notre philosophie d\u2019action<\/p>\t\t\t\t\t\t<\/div>\n\t\t\t\t<\/div>\n\t\t\t\t\t<\/div>\n\t\t<\/div>\n\t\t\t\t\t\t\t<\/div>\n\t\t<\/section>\n\t\t\t\t<section class=\"elementor-section elementor-top-section elementor-element elementor-element-802e9ad elementor-section-boxed elementor-section-height-default elementor-section-height-default\" data-id=\"802e9ad\" data-element_type=\"section\" data-settings=\"{&quot;background_background&quot;:&quot;classic&quot;}\">\n\t\t\t\t\t\t<div class=\"elementor-container elementor-column-gap-default\">\n\t\t\t\t\t<div class=\"elementor-column elementor-col-100 elementor-top-column elementor-element elementor-element-d9a0ee1\" data-id=\"d9a0ee1\" data-element_type=\"column\">\n\t\t\t<div class=\"elementor-widget-wrap elementor-element-populated\">\n\t\t\t\t\t\t\t\t<div class=\"elementor-element elementor-element-22db075 elementor-align-center elementor-widget elementor-widget-button\" data-id=\"22db075\" data-element_type=\"widget\" data-widget_type=\"button.default\">\n\t\t\t\t<div class=\"elementor-widget-container\">\n\t\t\t\t\t<div class=\"elementor-button-wrapper\">\n\t\t\t<a href=\"https:\/\/isq-ingenieria.com\/fr\/contact\/\" class=\"elementor-button-link elementor-button elementor-size-sm\" role=\"button\">\n\t\t\t\t\t\t<span class=\"elementor-button-content-wrapper\">\n\t\t\t\t\t\t\t<span class=\"elementor-button-icon elementor-align-icon-left\">\n\t\t\t\t<i aria-hidden=\"true\" class=\"far fa-envelope\"><\/i>\t\t\t<\/span>\n\t\t\t\t\t\t<span class=\"elementor-button-text\">Contactez-nous<\/span>\n\t\t<\/span>\n\t\t\t\t\t<\/a>\n\t\t<\/div>\n\t\t\t\t<\/div>\n\t\t\t\t<\/div>\n\t\t\t\t\t<\/div>\n\t\t<\/div>\n\t\t\t\t\t\t\t<\/div>\n\t\t<\/section>\n\t\t\t\t\t\t\t<\/div>\n\t\t","protected":false},"excerpt":{"rendered":"<p>Notre entreprise En Juin 2000, on a commenc\u00e9 nos activit\u00e9s dans le but de cr\u00e9er unesoci\u00e9t\u00e9 d\u00e9di\u00e9e au d\u00e9veloppement d\u2019une ing\u00e9nierie de haute qualit\u00e9. Depuis lors,on combine une gestion optimis\u00e9e et ergonomique de l\u2019espace dans nos designs, avec un hautniveau de d\u00e9tail et une haute d\u00e9finition et contr\u00f4le des projets mis en \u0153uvre, ce quipermet &hellip;<\/p>\n<p class=\"read-more\"> <a class=\"\" href=\"https:\/\/isq-ingenieria.com\/fr\/entreprise\/\"> <span class=\"screen-reader-text\">Entreprise<\/span> Lire la suite\u00a0\u00bb<\/a><\/p>\n","protected":false},"author":1,"featured_media":0,"parent":0,"menu_order":0,"comment_status":"closed","ping_status":"closed","template":"elementor_header_footer","meta":{"site-sidebar-layout":"no-sidebar","site-content-layout":"page-builder","ast-global-header-display":"","ast-main-header-display":"","ast-hfb-above-header-display":"","ast-hfb-below-header-display":"","ast-hfb-mobile-header-display":"","site-post-title":"disabled","ast-breadcrumbs-content":"","ast-featured-img":"disabled","footer-sml-layout":"","theme-transparent-header-meta":"default","adv-header-id-meta":"","stick-header-meta":"","header-above-stick-meta":"","header-main-stick-meta":"","header-below-stick-meta":""},"_links":{"self":[{"href":"https:\/\/isq-ingenieria.com\/fr\/wp-json\/wp\/v2\/pages\/521"}],"collection":[{"href":"https:\/\/isq-ingenieria.com\/fr\/wp-json\/wp\/v2\/pages"}],"about":[{"href":"https:\/\/isq-ingenieria.com\/fr\/wp-json\/wp\/v2\/types\/page"}],"author":[{"embeddable":true,"href":"https:\/\/isq-ingenieria.com\/fr\/wp-json\/wp\/v2\/users\/1"}],"replies":[{"embeddable":true,"href":"https:\/\/isq-ingenieria.com\/fr\/wp-json\/wp\/v2\/comments?post=521"}],"version-history":[{"count":7,"href":"https:\/\/isq-ingenieria.com\/fr\/wp-json\/wp\/v2\/pages\/521\/revisions"}],"predecessor-version":[{"id":795,"href":"https:\/\/isq-ingenieria.com\/fr\/wp-json\/wp\/v2\/pages\/521\/revisions\/795"}],"wp:attachment":[{"href":"https:\/\/isq-ingenieria.com\/fr\/wp-json\/wp\/v2\/media?parent=521"}],"curies":[{"name":"wp","href":"https:\/\/api.w.org\/{rel}","templated":true}]}}