{"id":550,"date":"2022-09-22T21:15:42","date_gmt":"2022-09-22T21:15:42","guid":{"rendered":"http:\/\/isq-ingenieria.com\/?page_id=550"},"modified":"2022-09-23T18:15:40","modified_gmt":"2022-09-23T18:15:40","slug":"ingenierie-de-detail","status":"publish","type":"page","link":"https:\/\/isq-ingenieria.com\/fr\/ingenierie-de-detail\/","title":{"rendered":"Ing\u00e9nierie de d\u00e9tail"},"content":{"rendered":"\t\t<div data-elementor-type=\"wp-page\" data-elementor-id=\"550\" class=\"elementor elementor-550 elementor-140\">\n\t\t\t\t\t\t\t\t\t<section class=\"elementor-section elementor-top-section elementor-element elementor-element-0cfdaf5 elementor-section-boxed elementor-section-height-default elementor-section-height-default\" data-id=\"0cfdaf5\" data-element_type=\"section\" data-settings=\"{&quot;background_background&quot;:&quot;classic&quot;}\">\n\t\t\t\t\t\t<div class=\"elementor-container elementor-column-gap-default\">\n\t\t\t\t\t<div class=\"elementor-column elementor-col-100 elementor-top-column elementor-element elementor-element-3897924\" data-id=\"3897924\" data-element_type=\"column\">\n\t\t\t<div class=\"elementor-widget-wrap elementor-element-populated\">\n\t\t\t\t\t\t\t\t<div class=\"elementor-element elementor-element-849a356 elementor-widget elementor-widget-heading\" data-id=\"849a356\" data-element_type=\"widget\" data-widget_type=\"heading.default\">\n\t\t\t\t<div class=\"elementor-widget-container\">\n\t\t\t<style>\/*! elementor - v3.7.7 - 20-09-2022 *\/\n.elementor-heading-title{padding:0;margin:0;line-height:1}.elementor-widget-heading .elementor-heading-title[class*=elementor-size-]>a{color:inherit;font-size:inherit;line-height:inherit}.elementor-widget-heading .elementor-heading-title.elementor-size-small{font-size:15px}.elementor-widget-heading .elementor-heading-title.elementor-size-medium{font-size:19px}.elementor-widget-heading .elementor-heading-title.elementor-size-large{font-size:29px}.elementor-widget-heading .elementor-heading-title.elementor-size-xl{font-size:39px}.elementor-widget-heading .elementor-heading-title.elementor-size-xxl{font-size:59px}<\/style><h2 class=\"elementor-heading-title elementor-size-default\">Ing\u00e9nierie de d\u00e9tail\n<\/h2>\t\t<\/div>\n\t\t\t\t<\/div>\n\t\t\t\t<div class=\"elementor-element elementor-element-514d01d elementor-widget elementor-widget-text-editor\" data-id=\"514d01d\" data-element_type=\"widget\" data-widget_type=\"text-editor.default\">\n\t\t\t\t<div class=\"elementor-widget-container\">\n\t\t\t<style>\/*! elementor - v3.7.7 - 20-09-2022 *\/\n.elementor-widget-text-editor.elementor-drop-cap-view-stacked .elementor-drop-cap{background-color:#818a91;color:#fff}.elementor-widget-text-editor.elementor-drop-cap-view-framed .elementor-drop-cap{color:#818a91;border:3px solid;background-color:transparent}.elementor-widget-text-editor:not(.elementor-drop-cap-view-default) .elementor-drop-cap{margin-top:8px}.elementor-widget-text-editor:not(.elementor-drop-cap-view-default) .elementor-drop-cap-letter{width:1em;height:1em}.elementor-widget-text-editor .elementor-drop-cap{float:left;text-align:center;line-height:1;font-size:50px}.elementor-widget-text-editor .elementor-drop-cap-letter{display:inline-block}<\/style>\t\t\t\t<p>Notre ing\u00e9nierie de d\u00e9tail assume la dimension et la d\u00e9finition<br \/>du projet de fa\u00e7on efficace.<br \/>Elle est bas\u00e9 sur une collecte de donn\u00e9es et leur v\u00e9rification sur le terrain, ce qui nous permet,<br \/>gr\u00e2ce \u00e0 notre design et \u00e0 notre repr\u00e9sentation graphique, de sp\u00e9cifier toutes les informations<br \/>n\u00e9cessaires afin que les entreprises de la construction puissent d\u00e9velopper leur travail de fa\u00e7on<br \/>fid\u00e8le et sans impr\u00e9vus, d\u2019apr\u00e8s les int\u00e9r\u00eats accord\u00e9s avec nos clients.<\/p>\t\t\t\t\t\t<\/div>\n\t\t\t\t<\/div>\n\t\t\t\t\t<\/div>\n\t\t<\/div>\n\t\t\t\t\t\t\t<\/div>\n\t\t<\/section>\n\t\t\t\t<section class=\"elementor-section elementor-top-section elementor-element elementor-element-6548be0 elementor-section-full_width elementor-section-height-default elementor-section-height-default\" data-id=\"6548be0\" data-element_type=\"section\">\n\t\t\t\t\t\t<div class=\"elementor-container elementor-column-gap-default\">\n\t\t\t\t\t<div class=\"elementor-column elementor-col-100 elementor-top-column elementor-element elementor-element-af0057f\" data-id=\"af0057f\" data-element_type=\"column\">\n\t\t\t<div class=\"elementor-widget-wrap elementor-element-populated\">\n\t\t\t\t\t\t\t\t<div class=\"elementor-element elementor-element-b527f6f elementor-widget elementor-widget-image\" data-id=\"b527f6f\" data-element_type=\"widget\" data-widget_type=\"image.default\">\n\t\t\t\t<div class=\"elementor-widget-container\">\n\t\t\t<style>\/*! elementor - v3.7.7 - 20-09-2022 *\/\n.elementor-widget-image{text-align:center}.elementor-widget-image a{display:inline-block}.elementor-widget-image a img[src$=\".svg\"]{width:48px}.elementor-widget-image img{vertical-align:middle;display:inline-block}<\/style>\t\t\t\t\t\t\t\t\t\t\t\t<img width=\"1600\" height=\"500\" src=\"https:\/\/isq-ingenieria.com\/wp-content\/uploads\/2022\/09\/isq-home-slider-2-1.jpg\" class=\"attachment-full size-full\" alt=\"\" loading=\"lazy\" srcset=\"https:\/\/isq-ingenieria.com\/wp-content\/uploads\/2022\/09\/isq-home-slider-2-1.jpg 1600w, https:\/\/isq-ingenieria.com\/wp-content\/uploads\/2022\/09\/isq-home-slider-2-1-300x94.jpg 300w, https:\/\/isq-ingenieria.com\/wp-content\/uploads\/2022\/09\/isq-home-slider-2-1-1024x320.jpg 1024w, https:\/\/isq-ingenieria.com\/wp-content\/uploads\/2022\/09\/isq-home-slider-2-1-768x240.jpg 768w, https:\/\/isq-ingenieria.com\/wp-content\/uploads\/2022\/09\/isq-home-slider-2-1-1536x480.jpg 1536w\" sizes=\"(max-width: 1600px) 100vw, 1600px\" \/>\t\t\t\t\t\t\t\t\t\t\t\t\t\t\t<\/div>\n\t\t\t\t<\/div>\n\t\t\t\t\t<\/div>\n\t\t<\/div>\n\t\t\t\t\t\t\t<\/div>\n\t\t<\/section>\n\t\t\t\t<section class=\"elementor-section elementor-top-section elementor-element elementor-element-e58c43c elementor-section-boxed elementor-section-height-default elementor-section-height-default\" data-id=\"e58c43c\" data-element_type=\"section\">\n\t\t\t\t\t\t<div class=\"elementor-container elementor-column-gap-default\">\n\t\t\t\t\t<div class=\"elementor-column elementor-col-33 elementor-top-column elementor-element elementor-element-bfe10bd\" data-id=\"bfe10bd\" data-element_type=\"column\">\n\t\t\t<div class=\"elementor-widget-wrap elementor-element-populated\">\n\t\t\t\t\t\t\t\t<div class=\"elementor-element elementor-element-4abd122 elementor-widget elementor-widget-heading\" data-id=\"4abd122\" data-element_type=\"widget\" data-widget_type=\"heading.default\">\n\t\t\t\t<div class=\"elementor-widget-container\">\n\t\t\t<h2 class=\"elementor-heading-title elementor-size-default\">\u0152UVRE CIVILE\n<\/h2>\t\t<\/div>\n\t\t\t\t<\/div>\n\t\t\t\t<div class=\"elementor-element elementor-element-06d4e5e elementor-widget elementor-widget-text-editor\" data-id=\"06d4e5e\" data-element_type=\"widget\" data-widget_type=\"text-editor.default\">\n\t\t\t\t<div class=\"elementor-widget-container\">\n\t\t\t\t\t\t\t<ul><li>Projets de construction compl\u00e8te.<\/li><li>Conception et calcul selon la CTE.<\/li><li>Gestion de Projets.<\/li><li>Plans de construction.<\/li><li>\u00c9tats des mesures.<\/li><li>R\u00e9sum\u00e9 des mati\u00e8res et des coupes.<\/li><li>Assistance technique aux constructeurs et aux promoteurs.<\/li><\/ul><h5>Nous nous sp\u00e9cialisons dans:<\/h5><ul><li>Fondations superficielles singuli\u00e8res, combin\u00e9s, simples et multiples.<\/li><li>Dalle de fondation.<\/li><li>Fondations profondes: micropilotage, pilotage, pieux dalles.<\/li><li>\u00c9crans, murs de sout\u00e8nement, puits, r\u00e9servoirs souterrains et \u00e9l\u00e9v\u00e9s.<\/li><li>Pipelines, r\u00e9seaux d\u2019assainissements, industriels et pluviaux.<\/li><li>Calcul des structures en b\u00e9ton pr\u00e9contraint, pr\u00e9fabriqu\u00e9s.<\/li><li>Calcul et conception de b\u00e2timents industriels.<\/li><li>Calcul et conception de structures.<\/li><li>Urbanisation industrielle.<\/li><li>Parking et routes d\u2019acc\u00e8s.<\/li><li>Seaux de stockage de produits.<\/li><li>Racks souterrains.<\/li><li>Bancs pour l\u2019\u00e9quipement avec des efforts statiques et dynamiques.<\/li><\/ul>\t\t\t\t\t\t<\/div>\n\t\t\t\t<\/div>\n\t\t\t\t\t<\/div>\n\t\t<\/div>\n\t\t\t\t<div class=\"elementor-column elementor-col-33 elementor-top-column elementor-element elementor-element-51e4c03\" data-id=\"51e4c03\" data-element_type=\"column\">\n\t\t\t<div class=\"elementor-widget-wrap elementor-element-populated\">\n\t\t\t\t\t\t\t\t<div class=\"elementor-element elementor-element-0be5ef3 elementor-widget elementor-widget-heading\" data-id=\"0be5ef3\" data-element_type=\"widget\" data-widget_type=\"heading.default\">\n\t\t\t\t<div class=\"elementor-widget-container\">\n\t\t\t<h2 class=\"elementor-heading-title elementor-size-default\">STRUCTURE M\u00c9TALLIQUE\n<\/h2>\t\t<\/div>\n\t\t\t\t<\/div>\n\t\t\t\t<div class=\"elementor-element elementor-element-c75b552 elementor-widget elementor-widget-text-editor\" data-id=\"c75b552\" data-element_type=\"widget\" data-widget_type=\"text-editor.default\">\n\t\t\t\t<div class=\"elementor-widget-container\">\n\t\t\t\t\t\t\t<ul><li>Projets complets de construction.<\/li><li>Conception et calcul selon la CTE.<\/li><li>Gestion De Projet.<\/li><li>Plans de construction.<\/li><li>\u00c9tudes de s\u00e9curit\u00e9.<\/li><li>\u00c9tudes de mesures.<\/li><li>R\u00e9sum\u00e9 des mati\u00e8res et des coupes.<\/li><li>Assistance technique aux constructeurs et aux promoteurs.<\/li><\/ul><h5>Nous nous sp\u00e9cialisons dans l\u2019industrie chimique industrielle, de la p\u00e9trochimie, alimentaire, chimique fine et pharmaceutique, pour le d\u00e9veloppement de:<\/h5><ul><li>Usines de traitement compl\u00e8tes (construction de haute pr\u00e9cision). Unit\u00e9s de traitement et r\u00e9action avec de fortes sollicitations et effets combin\u00e9s : v\u00e9hicules, haute temp\u00e9rature et s\u00e9curit\u00e9 sismique.<\/li><li>Ponts et racks de tuyaux.<\/li><li>Ponts et passerelles d\u2019acc\u00e8s des personnes et des v\u00e9hicules.<\/li><li>Auvents des stations de chargement et de d\u00e9chargement des camions et des wagons.<\/li><li>B\u00e2timents de production.<\/li><li>Entrep\u00f4ts et b\u00e2timents industriels.<\/li><li>B\u00e2timents singuliers et structures adapt\u00e9es aux zones de processus en cours.<\/li><li>R\u00e9servoirs et cuves de stockage.<\/li><li>Proc\u00e9d\u00e9s de protection contre la corrosion, protection active et passive contre l\u2019incendie aux b\u00e2timents.<\/li><\/ul>\t\t\t\t\t\t<\/div>\n\t\t\t\t<\/div>\n\t\t\t\t\t<\/div>\n\t\t<\/div>\n\t\t\t\t<div class=\"elementor-column elementor-col-33 elementor-top-column elementor-element elementor-element-17bcb79\" data-id=\"17bcb79\" data-element_type=\"column\">\n\t\t\t<div class=\"elementor-widget-wrap elementor-element-populated\">\n\t\t\t\t\t\t\t\t<div class=\"elementor-element elementor-element-eb44220 elementor-widget elementor-widget-heading\" data-id=\"eb44220\" data-element_type=\"widget\" data-widget_type=\"heading.default\">\n\t\t\t\t<div class=\"elementor-widget-container\">\n\t\t\t<h2 class=\"elementor-heading-title elementor-size-default\">TUYAUTERIE: EQUIPEMENTS DE TUYAUX\n<\/h2>\t\t<\/div>\n\t\t\t\t<\/div>\n\t\t\t\t<div class=\"elementor-element elementor-element-50799ab elementor-widget elementor-widget-text-editor\" data-id=\"50799ab\" data-element_type=\"widget\" data-widget_type=\"text-editor.default\">\n\t\t\t\t<div class=\"elementor-widget-container\">\n\t\t\t\t\t\t\t<ul><li>Projets complets de construction.<\/li><li>Ing\u00e9nierie de fluides et analyse dynamique de flux.<\/li><li>Analyse et optimisation technique et \u00e9conomique du flux de fluides.<\/li><li>Conception d\u2019usines de production compl\u00e8tes.<\/li><li>D\u00e9veloppement et de design d\u2019am\u00e9liorations et projets partiels dans des usines de production en fonctionnement.<\/li><li>Plans de tuyauterie g\u00e9n\u00e9riques et de d\u00e9tail.<\/li><li>Isom\u00e9triques de construction.<\/li><li>Sp\u00e9cification technique de construction de lignes.<\/li><li>R\u00e9sum\u00e9 des mati\u00e8res et des coupes, par offre et achat.<\/li><li>Plans de soutien et structures de soutien.<\/li><li>Analyse des contraintes de la tuyauterie et solutions pour leur compensation par dilatation thermique.<\/li><li>Conception de la tuyauterie (processus de haute responsabilit\u00e9 de conception) : \u00e0 cause du type de fluide, les conditions de conception de haute pression, vide, haute et basse temp\u00e9rature, conditions de sant\u00e9 ou aseptiques\u2026<\/li><li>Conception des appareils \u00e0 pression.<\/li><li>Plans de construction d\u2019appareils.<\/li><li>Conception et s\u00e9lection d\u2019\u00e9quipements de proc\u00e9d\u00e9s, pompes, \u00e9changeurs de chaleur, condenseurs, r\u00e9servoirs, r\u00e9acteurs \u2026<\/li><li>Conception thermique des \u00e9quipements et transfert de chaleur dans les processus.<\/li><li>Supervision et gestion des travaux.<\/li><li>Assistance technique aux constructeurs et aux promoteurs pendant les travaux.<\/li><\/ul>\t\t\t\t\t\t<\/div>\n\t\t\t\t<\/div>\n\t\t\t\t\t<\/div>\n\t\t<\/div>\n\t\t\t\t\t\t\t<\/div>\n\t\t<\/section>\n\t\t\t\t\t\t\t<\/div>\n\t\t","protected":false},"excerpt":{"rendered":"<p>Ing\u00e9nierie de d\u00e9tail Notre ing\u00e9nierie de d\u00e9tail assume la dimension et la d\u00e9finitiondu projet de fa\u00e7on efficace.Elle est bas\u00e9 sur une collecte de donn\u00e9es et leur v\u00e9rification sur le terrain, ce qui nous permet,gr\u00e2ce \u00e0 notre design et \u00e0 notre repr\u00e9sentation graphique, de sp\u00e9cifier toutes les informationsn\u00e9cessaires afin que les entreprises de la construction puissent &hellip;<\/p>\n<p class=\"read-more\"> <a class=\"\" href=\"https:\/\/isq-ingenieria.com\/fr\/ingenierie-de-detail\/\"> <span class=\"screen-reader-text\">Ing\u00e9nierie de d\u00e9tail<\/span> Lire la suite\u00a0\u00bb<\/a><\/p>\n","protected":false},"author":1,"featured_media":0,"parent":0,"menu_order":0,"comment_status":"closed","ping_status":"closed","template":"elementor_header_footer","meta":{"site-sidebar-layout":"no-sidebar","site-content-layout":"page-builder","ast-global-header-display":"","ast-main-header-display":"","ast-hfb-above-header-display":"","ast-hfb-below-header-display":"","ast-hfb-mobile-header-display":"","site-post-title":"disabled","ast-breadcrumbs-content":"","ast-featured-img":"disabled","footer-sml-layout":"","theme-transparent-header-meta":"default","adv-header-id-meta":"","stick-header-meta":"","header-above-stick-meta":"","header-main-stick-meta":"","header-below-stick-meta":""},"_links":{"self":[{"href":"https:\/\/isq-ingenieria.com\/fr\/wp-json\/wp\/v2\/pages\/550"}],"collection":[{"href":"https:\/\/isq-ingenieria.com\/fr\/wp-json\/wp\/v2\/pages"}],"about":[{"href":"https:\/\/isq-ingenieria.com\/fr\/wp-json\/wp\/v2\/types\/page"}],"author":[{"embeddable":true,"href":"https:\/\/isq-ingenieria.com\/fr\/wp-json\/wp\/v2\/users\/1"}],"replies":[{"embeddable":true,"href":"https:\/\/isq-ingenieria.com\/fr\/wp-json\/wp\/v2\/comments?post=550"}],"version-history":[{"count":4,"href":"https:\/\/isq-ingenieria.com\/fr\/wp-json\/wp\/v2\/pages\/550\/revisions"}],"predecessor-version":[{"id":554,"href":"https:\/\/isq-ingenieria.com\/fr\/wp-json\/wp\/v2\/pages\/550\/revisions\/554"}],"wp:attachment":[{"href":"https:\/\/isq-ingenieria.com\/fr\/wp-json\/wp\/v2\/media?parent=550"}],"curies":[{"name":"wp","href":"https:\/\/api.w.org\/{rel}","templated":true}]}}