{"id":555,"date":"2022-09-22T21:16:00","date_gmt":"2022-09-22T21:16:00","guid":{"rendered":"http:\/\/isq-ingenieria.com\/?page_id=555"},"modified":"2022-09-23T18:18:03","modified_gmt":"2022-09-23T18:18:03","slug":"procedures-juridiques-et-autorisations","status":"publish","type":"page","link":"https:\/\/isq-ingenieria.com\/fr\/procedures-juridiques-et-autorisations\/","title":{"rendered":"Proc\u00e9dures juridiques et autorisations"},"content":{"rendered":"\t\t<div data-elementor-type=\"wp-page\" data-elementor-id=\"555\" class=\"elementor elementor-555 elementor-142\">\n\t\t\t\t\t\t\t\t\t<section class=\"elementor-section elementor-top-section elementor-element elementor-element-44bbe80 elementor-section-boxed elementor-section-height-default elementor-section-height-default\" data-id=\"44bbe80\" data-element_type=\"section\" data-settings=\"{&quot;background_background&quot;:&quot;classic&quot;}\">\n\t\t\t\t\t\t<div class=\"elementor-container elementor-column-gap-default\">\n\t\t\t\t\t<div class=\"elementor-column elementor-col-100 elementor-top-column elementor-element elementor-element-c0aa6b2\" data-id=\"c0aa6b2\" data-element_type=\"column\">\n\t\t\t<div class=\"elementor-widget-wrap elementor-element-populated\">\n\t\t\t\t\t\t\t\t<div class=\"elementor-element elementor-element-7a5825f elementor-widget elementor-widget-heading\" data-id=\"7a5825f\" data-element_type=\"widget\" data-widget_type=\"heading.default\">\n\t\t\t\t<div class=\"elementor-widget-container\">\n\t\t\t<style>\/*! elementor - v3.7.7 - 20-09-2022 *\/\n.elementor-heading-title{padding:0;margin:0;line-height:1}.elementor-widget-heading .elementor-heading-title[class*=elementor-size-]>a{color:inherit;font-size:inherit;line-height:inherit}.elementor-widget-heading .elementor-heading-title.elementor-size-small{font-size:15px}.elementor-widget-heading .elementor-heading-title.elementor-size-medium{font-size:19px}.elementor-widget-heading .elementor-heading-title.elementor-size-large{font-size:29px}.elementor-widget-heading .elementor-heading-title.elementor-size-xl{font-size:39px}.elementor-widget-heading .elementor-heading-title.elementor-size-xxl{font-size:59px}<\/style><h2 class=\"elementor-heading-title elementor-size-default\">Proc\u00e9dures juridiques et autorisations\n<\/h2>\t\t<\/div>\n\t\t\t\t<\/div>\n\t\t\t\t\t<\/div>\n\t\t<\/div>\n\t\t\t\t\t\t\t<\/div>\n\t\t<\/section>\n\t\t\t\t<section class=\"elementor-section elementor-top-section elementor-element elementor-element-94b8356 elementor-section-full_width elementor-section-height-default elementor-section-height-default\" data-id=\"94b8356\" data-element_type=\"section\">\n\t\t\t\t\t\t<div class=\"elementor-container elementor-column-gap-default\">\n\t\t\t\t\t<div class=\"elementor-column elementor-col-100 elementor-top-column elementor-element elementor-element-ccd07f5\" data-id=\"ccd07f5\" data-element_type=\"column\">\n\t\t\t<div class=\"elementor-widget-wrap elementor-element-populated\">\n\t\t\t\t\t\t\t\t<div class=\"elementor-element elementor-element-824f39b elementor-widget elementor-widget-image\" data-id=\"824f39b\" data-element_type=\"widget\" data-widget_type=\"image.default\">\n\t\t\t\t<div class=\"elementor-widget-container\">\n\t\t\t<style>\/*! elementor - v3.7.7 - 20-09-2022 *\/\n.elementor-widget-image{text-align:center}.elementor-widget-image a{display:inline-block}.elementor-widget-image a img[src$=\".svg\"]{width:48px}.elementor-widget-image img{vertical-align:middle;display:inline-block}<\/style>\t\t\t\t\t\t\t\t\t\t\t\t<img width=\"1600\" height=\"500\" src=\"https:\/\/isq-ingenieria.com\/wp-content\/uploads\/2022\/09\/isq-home-slider-2-1.jpg\" class=\"attachment-full size-full\" alt=\"\" loading=\"lazy\" srcset=\"https:\/\/isq-ingenieria.com\/wp-content\/uploads\/2022\/09\/isq-home-slider-2-1.jpg 1600w, https:\/\/isq-ingenieria.com\/wp-content\/uploads\/2022\/09\/isq-home-slider-2-1-300x94.jpg 300w, https:\/\/isq-ingenieria.com\/wp-content\/uploads\/2022\/09\/isq-home-slider-2-1-1024x320.jpg 1024w, https:\/\/isq-ingenieria.com\/wp-content\/uploads\/2022\/09\/isq-home-slider-2-1-768x240.jpg 768w, https:\/\/isq-ingenieria.com\/wp-content\/uploads\/2022\/09\/isq-home-slider-2-1-1536x480.jpg 1536w\" sizes=\"(max-width: 1600px) 100vw, 1600px\" \/>\t\t\t\t\t\t\t\t\t\t\t\t\t\t\t<\/div>\n\t\t\t\t<\/div>\n\t\t\t\t\t<\/div>\n\t\t<\/div>\n\t\t\t\t\t\t\t<\/div>\n\t\t<\/section>\n\t\t\t\t<section class=\"elementor-section elementor-top-section elementor-element elementor-element-fb6ee18 elementor-section-boxed elementor-section-height-default elementor-section-height-default\" data-id=\"fb6ee18\" data-element_type=\"section\">\n\t\t\t\t\t\t<div class=\"elementor-container elementor-column-gap-default\">\n\t\t\t\t\t<div class=\"elementor-column elementor-col-50 elementor-top-column elementor-element elementor-element-cb5299f\" data-id=\"cb5299f\" data-element_type=\"column\">\n\t\t\t<div class=\"elementor-widget-wrap elementor-element-populated\">\n\t\t\t\t\t\t\t\t<div class=\"elementor-element elementor-element-d8202aa elementor-widget elementor-widget-text-editor\" data-id=\"d8202aa\" data-element_type=\"widget\" data-widget_type=\"text-editor.default\">\n\t\t\t\t<div class=\"elementor-widget-container\">\n\t\t\t<style>\/*! elementor - v3.7.7 - 20-09-2022 *\/\n.elementor-widget-text-editor.elementor-drop-cap-view-stacked .elementor-drop-cap{background-color:#818a91;color:#fff}.elementor-widget-text-editor.elementor-drop-cap-view-framed .elementor-drop-cap{color:#818a91;border:3px solid;background-color:transparent}.elementor-widget-text-editor:not(.elementor-drop-cap-view-default) .elementor-drop-cap{margin-top:8px}.elementor-widget-text-editor:not(.elementor-drop-cap-view-default) .elementor-drop-cap-letter{width:1em;height:1em}.elementor-widget-text-editor .elementor-drop-cap{float:left;text-align:center;line-height:1;font-size:50px}.elementor-widget-text-editor .elementor-drop-cap-letter{display:inline-block}<\/style>\t\t\t\t<ul><li>Permis et licences environnementales.<\/li><li>Proc\u00e9dures et demande de licences d\u2019activit\u00e9s industrielles.<\/li><li>Permis de construction.<\/li><li>Projets et d\u00e9marches de l\u00e9galisation des dispositifs de pression.<\/li><li>Projets de l\u00e9galisation de stockage de produits chimiques.<\/li><li>Projets de l\u00e9galisation de r\u00e9frig\u00e9rateurs.<\/li><li>D\u00e9marches pour l\u2019obtention du certificat compatibilit\u00e9 urbaine.<\/li><li>\u00c9tudes de d\u00e9tail.<\/li><li>Etude d\u2019Impact Environnemental.<\/li><li>Projets de pr\u00e9vention des incendies.<\/li><\/ul>\t\t\t\t\t\t<\/div>\n\t\t\t\t<\/div>\n\t\t\t\t\t<\/div>\n\t\t<\/div>\n\t\t\t\t<div class=\"elementor-column elementor-col-50 elementor-top-column elementor-element elementor-element-85ff5c3\" data-id=\"85ff5c3\" data-element_type=\"column\">\n\t\t\t<div class=\"elementor-widget-wrap\">\n\t\t\t\t\t\t\t\t\t<\/div>\n\t\t<\/div>\n\t\t\t\t\t\t\t<\/div>\n\t\t<\/section>\n\t\t\t\t\t\t\t<\/div>\n\t\t","protected":false},"excerpt":{"rendered":"<p>Proc\u00e9dures juridiques et autorisations Permis et licences environnementales. Proc\u00e9dures et demande de licences d\u2019activit\u00e9s industrielles. Permis de construction. Projets et d\u00e9marches de l\u00e9galisation des dispositifs de pression. Projets de l\u00e9galisation de stockage de produits chimiques. Projets de l\u00e9galisation de r\u00e9frig\u00e9rateurs. D\u00e9marches pour l\u2019obtention du certificat compatibilit\u00e9 urbaine. \u00c9tudes de d\u00e9tail. Etude d\u2019Impact Environnemental. Projets de &hellip;<\/p>\n<p class=\"read-more\"> <a class=\"\" href=\"https:\/\/isq-ingenieria.com\/fr\/procedures-juridiques-et-autorisations\/\"> <span class=\"screen-reader-text\">Proc\u00e9dures juridiques et autorisations<\/span> Lire la suite\u00a0\u00bb<\/a><\/p>\n","protected":false},"author":1,"featured_media":0,"parent":0,"menu_order":0,"comment_status":"closed","ping_status":"closed","template":"elementor_header_footer","meta":{"site-sidebar-layout":"no-sidebar","site-content-layout":"page-builder","ast-global-header-display":"","ast-main-header-display":"","ast-hfb-above-header-display":"","ast-hfb-below-header-display":"","ast-hfb-mobile-header-display":"","site-post-title":"disabled","ast-breadcrumbs-content":"","ast-featured-img":"disabled","footer-sml-layout":"","theme-transparent-header-meta":"default","adv-header-id-meta":"","stick-header-meta":"","header-above-stick-meta":"","header-main-stick-meta":"","header-below-stick-meta":""},"_links":{"self":[{"href":"https:\/\/isq-ingenieria.com\/fr\/wp-json\/wp\/v2\/pages\/555"}],"collection":[{"href":"https:\/\/isq-ingenieria.com\/fr\/wp-json\/wp\/v2\/pages"}],"about":[{"href":"https:\/\/isq-ingenieria.com\/fr\/wp-json\/wp\/v2\/types\/page"}],"author":[{"embeddable":true,"href":"https:\/\/isq-ingenieria.com\/fr\/wp-json\/wp\/v2\/users\/1"}],"replies":[{"embeddable":true,"href":"https:\/\/isq-ingenieria.com\/fr\/wp-json\/wp\/v2\/comments?post=555"}],"version-history":[{"count":4,"href":"https:\/\/isq-ingenieria.com\/fr\/wp-json\/wp\/v2\/pages\/555\/revisions"}],"predecessor-version":[{"id":559,"href":"https:\/\/isq-ingenieria.com\/fr\/wp-json\/wp\/v2\/pages\/555\/revisions\/559"}],"wp:attachment":[{"href":"https:\/\/isq-ingenieria.com\/fr\/wp-json\/wp\/v2\/media?parent=555"}],"curies":[{"name":"wp","href":"https:\/\/api.w.org\/{rel}","templated":true}]}}